{"id":2784,"date":"2021-11-30T09:30:36","date_gmt":"2021-11-30T09:30:36","guid":{"rendered":"https:\/\/regrow.gr\/?page_id=2784"},"modified":"2025-09-09T11:35:16","modified_gmt":"2025-09-09T11:35:16","slug":"coverage-value","status":"publish","type":"page","link":"https:\/\/regrow.gr\/fr\/coverage-value\/","title":{"rendered":"Valeur de couverture"},"content":{"rendered":"[et_pb_section fb_built=\u201d1\u2033 custom_padding_last_edited=\u201don|phone\u201d admin_label=\u201dSection principale\u201d module_id=\u201dsoko-main-service-headermoto\u201d module_class=\u201dsoko-main-service-headermoto\u201d _builder_version=\u201d4.27.4\u2033 _module_preset=\u201ddefault\u201d background_enable_color=\u201doff\u201d use_background_color_gradient=\u201don\u201d background_color_gradient_stops=\u201drgba(0,0,0,0.43) 0%|rgba(0,0,0,0.43) 100%\u201d background_color_gradient_overlays_image=\u201don\u201d background_image=\u201dhttps:\/\/regrow.gr\/wp-content\/uploads\/2022\/08\/Calculation-of-cost-coverage.jpg\u201d custom_padding=\u201d25%||||false|false\u201d custom_padding_tablet=\u201d||0px||false|false\u201d custom_padding_phone=\u201d||0px||false|false\u201d saved_tabs=\u201dall\u201d collapsed=\u201don\u201d global_colors_info=\u201d{}\u201d][et_pb_row admin_label=\u201dRow\u201d _builder_version=\u201d4.27.4\u2033 _module_preset=\u201ddefault\u201d max_width=\u201d100%\u201d global_colors_info=\u201d{}\u201d][et_pb_column type=\u201d4_4\u2033 _builder_version=\u201d4.24.2\u2033 _module_preset=\u201ddefault\u201d custom_padding=\u201d|30%|||false|false\u201d custom_padding_tablet=\u201d|30%|||false|false\u201d custom_padding_phone=\u201d|0%|||false|false\u201d custom_padding_last_edited=\u201don|phone\u201d global_colors_info=\u201d{}\u201d][et_pb_text disabled_on=\u201don|on|off\u201d _builder_version=\u201d4.27.4\u2033 _module_preset=\u201d361e3c58-9895-4230-b621-b4bac2b9bd97\u2033 header_4_font=\u201d|600||on|||||\u201d header_4_text_color=\u201d#FFFFFF\u201d locked=\u201doff\u201d global_colors_info=\u201d{}\u201d]<h4><a href=\"#formaekdilosisendiaferontos\">FORMULAIRE DE MANIFESTATION D&#039;INT\u00c9R\u00caT<\/a> | T\u00c9L. <a href=\"\/fr\/t\u00e9l\u00e9phone:+302112347131\/\">21 1234 7131<\/a><\/h4>[\/et_pb_text][et_pb_text _builder_version=\u201d4.27.4\u2033 _module_preset=\u201d9b3af9bc-0544-4727-802a-013a55922f91\u2033 text_font_size=\u201d16px\u201d header_font_size=\u201d60px\u201d header_line_height=\u201d1.1em\u201d background_layout=\u201ddark\u201d text_font_size_tablet=\u201d15px\u201d text_font_size_phone=\u201d14px\u201d text_font_size_last_edited=\u201don|phone\u201d header_font_size_tablet=\u201d40px\u201d header_font_size_phone=\u201d30px\u201d header_font_size_last_edited=\u201don|desktop\u201d global_colors_info=\u201d{}\u201d]<h1>Valeur de couverture<\/h1>[\/et_pb_text][\/et_pb_column][\/et_pb_row][\/et_pb_section][et_pb_section fb_built=\u201d1\u2033 fullwidth=\u201don\u201d module_id=\u201dsoko-video-bottom-header\u201d module_class=\u201dsoko-video-bottom-header\u201d _builder_version=\u201d4.27.4\u2033 background_image=\u201dhttps:\/\/regrow.gr\/wp-content\/uploads\/2025\/01\/TA_GRADIENT-1.png\u201d module_alignment=\u201dcenter\u201d height=\u201d66px\u201d max_height=\u201d66px\u201d global_module=\u201d10890\u2033 global_colors_info=\u201d{}\u201d][et_pb_fullwidth_code admin_label=\u201dCode pleine largeur\u201d _builder_version=\u201d4.27.4\u2033 _module_preset=\u201ddefault\u201d text_orientation=\u201dcenter\u201d max_width=\u201d100%\u201d global_colors_info=\u201d{}\u201d]<svg style=\"max-width:100%; display:none;\" xmlns=\"http:\/\/www.w3.org\/2000\/svg\" class=\"img-fluid\" width=\"667\" height=\"66\" viewbox=\"0 0 667 66\"><text id=\"Your_Beauty_Our_Science\" data-name=\"Your Beauty, Our Science\" fill=\"#fff\" font-size=\"45\" font-family=\"SegoeUI, Segoe UI\" letter-spacing=\"-0.015em\"><tspan x=\"27.163\" y=\"49\">TON <\/tspan><tspan y=\"49\" font-family=\"Georgia-Italic, Georgia\" font-style=\"italic\">BEAUT\u00c9,<\/tspan><tspan y=\"49\" xml:space=\"preserve\"> NOTRE <\/tspan><tspan y=\"49\" font-family=\"Georgia-Italic, Georgia\" font-style=\"italic\">SCIENCE<\/tspan><\/text><\/svg>[\/et_pb_fullwidth_code][\/et_pb_section][et_pb_section fb_built=\u201d1\u2033 admin_label=\u201dSection\u201d _builder_version=\u201d4.24.2\u2033 _module_preset=\u201ddefault\u201d locked=\u201doff\u201d global_colors_info=\u201d{}\u201d][et_pb_row module_class=\u201dpadding-tb-40\u2033 _builder_version=\u201d4.27.4\u2033 _module_preset=\u201ddefault\u201d max_width=\u201d100%\u201d locked=\u201doff\u201d global_colors_info=\u201d{}\u201d][et_pb_column type=\u201d4_4\u2033 admin_label=\u201dColonne\u201d _builder_version=\u201d4.24.2\u2033 _module_preset=\u201ddefault\u201d global_colors_info=\u201d{}\u201d][et_pb_heading title=\u201dValeur de couverture\u201d module_class=\u201dh2-large-dark\u201d _builder_version=\u201d4.27.4\u2033 _module_preset=\u201ddefault\u201d title_level=\u201dh2\u2033 global_colors_info=\u201d{}\u201d][\/et_pb_heading][et_pb_divider color=\u201d#4b81a3\u2033 divider_position=\u201dcenter\u201d admin_label=\u201dDiviseur\u201d module_class=\u201dvertical-line\u201d _builder_version=\u201d4.27.4\u2033 _module_preset=\u201ddefault\u201d transform_rotate=\u201d0deg|0deg|90deg\u201d max_width=\u201d60px\u201d module_alignment=\u201dcenter\u201d global_colors_info=\u201d{}\u201d][\/et_pb_divider][\/et_pb_column][\/et_pb_row][et_pb_row column_structure=\u201d2_5,3_5\u2033 use_custom_gutter=\u201don\u201d gutter_width=\u201d2\u2033 module_class=\u201dleft-content-right-media left-and-right\u201d _builder_version=\u201d4.27.4\u2033 _module_preset=\u201ddefault\u201d max_width=\u201d100%\u201d custom_css_main_element=\u201ddisplay: flex;||flex-wrap: wrap;\u201d locked=\u201doff\u201d global_colors_info=\u201d{}\u201d][et_pb_column type=\u201d2_5\u2033 module_class=\u201dlight-gray-back colum-1\u2033 admin_label=\u201dColonne\u201d _builder_version=\u201d4.27.4\u2033 _module_preset=\u201ddefault\u201d background_color=\u201d#f6f1ef\u201d custom_padding=\u201d3%|10%|3%|10%|true|true\u201d global_colors_info=\u201d{}\u201d custom_css_main_element_last_edited=\u201don|tablet\u201d custom_css_main_element_tablet=\u201dorder: 2;\u201d custom_css_main_element_phone=\u201dorder: 2;\u201d][et_pb_text module_class=\u201dp-plain-inner-text-dark\u201d _builder_version=\u201d4.27.4\u2033 _module_preset=\u201ddefault\u201d global_colors_info=\u201d{}\u201d]Formule avanc\u00e9e pour calculer le pourcentage de couverture dans les zones \u00e9claircies sans \u00e9puiser le donneur[\/et_pb_text][et_pb_divider _builder_version=\u201d4.27.4\u2033 _module_preset=\u201ddefault\u201d global_colors_info=\u201d{}\u201d][\/et_pb_divider][\/et_pb_column][et_pb_column type=\u201d3_5\u2033 module_class=\u201dcolum-2\u2033 _builder_version=\u201d4.27.4\u2033 _module_preset=\u201ddefault\u201d global_colors_info=\u201d{}\u201d custom_css_main_element_last_edited=\u201dsur|tablette\u201d custom_css_main_element_tablet=\u201dcommande\u00a0: 1\u00a0;\u201d custom_css_main_element_phone=\u201dcommande\u00a0: 1\u00a0;\u201d][et_pb_code module_class=\u201dcustom-ticks-wrapper\u201d _builder_version=\u201d4.27.4\u2033 _module_preset=\u201dpar d\u00e9faut\u201d global_colors_info=\u201d{}\u201d]<div class=\"ticks-wrapper white ticks-wrapper-blue-back colum-3\"><!-- [et_pb_line_break_holder] -->\t<div class=\"inner-tick\"><!-- [et_pb_line_break_holder] -->\t\t<div class=\"tick-image\"><\/div><!-- [et_pb_line_break_holder] -->\t\t<span>D\u00e9termination pr\u00e9cise des capacit\u00e9s du donateur et des besoins du b\u00e9n\u00e9ficiaire<\/span><!-- [et_pb_line_break_holder] -->\t<\/div><!-- [et_pb_line_break_holder] -->\t<div class=\"inner-tick\"><!-- [et_pb_line_break_holder] -->\t\t<div class=\"tick-image\"><\/div><!-- [et_pb_line_break_holder] -->\t\t<span>\u00c9tude d\u00e9taill\u00e9e avec des trichoscopes et des microm\u00e8tres sp\u00e9ciaux<\/span><!-- [et_pb_line_break_holder] -->\t<\/div><!-- [et_pb_line_break_holder] -->\t<div class=\"inner-tick\"><!-- [et_pb_line_break_holder] -->\t\t<div class=\"tick-image\"><\/div><!-- [et_pb_line_break_holder] -->\t\t<span>Formule reconnue par l&#039;Institut Mondial FUE<\/span><!-- [et_pb_line_break_holder] -->\t<\/div><!-- [et_pb_line_break_holder] --><\/div>[\/et_pb_code][\/et_pb_column][\/et_pb_row][et_pb_row column_structure=\u201d2_5,3_5\u2033 use_custom_gutter=\u201don\u201d gutter_width=\u201d2\u2033 module_class=\u201dright-content-left-media left-and-right\u201d _builder_version=\u201d4.27.4\u2033 _module_preset=\u201ddefault\u201d max_width=\u201d100%\u201d custom_css_main_element=\u201ddisplay: flex;||flex-wrap: wrap;\u201d locked=\u201doff\u201d global_colors_info=\u201d{}\u201d][et_pb_column type=\u201d2_5\u2033 module_class=\u201dcolum-1\u2033 admin_label=\u201dColonne\u201d _builder_version=\u201d4.27.4\u2033 _module_preset=\u201ddefault\u201d background_enable_color=\u201doff\u201d custom_padding=\u201d3%|10%|true|true\u201d global_colors_info=\u201d{}\u201d custom_css_main_element_last_edited=\u201don|tablet\u201d custom_css_main_element_tablet=\u201dorder: 2;\u201d custom_css_main_element_phone=\u201dorder: 2;\u201d][et_pb_image src=\u201dhttps:\/\/regrow.gr\/wp-content\/uploads\/2022\/08\/\u03c6\u03b1\u03ba\u03bf\u03c2-\u03c4\u03c1\u03b9\u03c7\u03bf\u03cd\u03bb\u03b1\u03ba\u03af\u03bf\u03bd-1.jpg\u201d alt=\u201d\u00c9tude d\u00e9taill\u00e9e des follicules pileux pour calculer la valeur de couverture\u201d title_text=\u201d\u03c6\u03b1\u03ba\u03bf\u03c2-\u03c4\u03c1\u03b9\u03c7\u03bf\u03cd\u03bb\u03b1\u03ba\u03af\u03bf\u03bd\u201d _builder_version=\u201d4.27.4\u2033 _module_preset=\u201ddefault\u201d global_colors_info=\u201d{}\u201d][\/et_pb_image][\/et_pb_column][et_pb_column type=\u201d3_5\u2033 module_class=\u201dcolum-2 gris clair-arri\u00e8re\u201d _builder_version=\u201d4.27.4\u2033 _module_preset=\u201dpar d\u00e9faut\u201d global_colors_info=\u201d{}\u201d custom_css_main_element_last_edited=\u201dsur|tablette\u201d custom_css_main_element_tablet=\u201dordre : 1 ;\u201d custom_css_main_element_phone=\u201dorder: 1;\u201d][et_pb_heading title=\u201dD\u00e9finition des capacit\u00e9s du donateur et des besoins du b\u00e9n\u00e9ficiaire\u201d admin_label=\u201dTitre\u201d module_class=\u201dh2-inner-dark\u201d _builder_version=\u201d4.27.4\u2033 _module_preset=\u201ddefault\u201d title_level=\u201dh2\u2033 global_colors_info=\u201d{}\u201d][\/et_pb_heading][et_pb_text module_class=\u201dp-plain-inner-text-dark\u201d _builder_version=\u201d4.27.4\u2033 _module_preset=\u201df6d29cc3-e510-45f7-9617-710f4d1af2ac\u201d text_font=\u201d||||||||||\u201d text_text_color=\u201d#000000\u2033 header_font_size=\u201d40px\u201d header_2_text_color=\u201d#222222\u2033 header_2_line_height=\u201d1.3em\u201d header_3_text_color=\u201d#222222\u2033 custom_padding=\u201d0px|||||\u201d hover_enabled=\u201d0\u2033 text_font_size_tablet=\u201d\u201d text_font_size_phone=\u201d\u201d text_font_size_last_edited=\u201don|phone\u201d header_font_size_tablet=\u201d40px\u201d header_font_size_phone=\u201d24px\u201d header_font_size_last_edited=\u201don|desktop\u201d header_2_font_size_tablet=\u201d\u201d header_2_font_size_phone=\u201d24px\u201d header_2_font_size_last_edited=\u201don|phone\u201d locked=\u201doff\u201d global_colors_info=\u201d{}\u201d sticky_enabled=\u201d0\u2033]Le r\u00e9sultat de la couverture des zones clairsem\u00e9es d\u00e9pend de la densit\u00e9 et de l\u2019\u00e9paisseur des cheveux dans la zone donneuse. L\u2019objectif est<span>\u00a0<\/span><strong>couverture maximale de la zone receveuse tout en \u00e9vitant l&#039;\u00e9puisement de la zone donneuse<\/strong>, notamment dans les cas o\u00f9 un grand nombre de greffons est n\u00e9cessaire pour obtenir un bon r\u00e9sultat (s\u00e9ances de grande envergure). Aux cliniques THE ANTIAGERS Regrow, nous suivons les recommandations les plus strictes.<span>\u00a0<\/span><strong>formule avanc\u00e9e pour calculer la valeur de couverture, connue sous le nom de valeur de couverture<\/strong>, d\u00e9velopp\u00e9 par le scientifique de renomm\u00e9e internationale, le Dr. Koray Erdogan calcule la relation entre les capacit\u00e9s du donateur et les besoins de couverture du b\u00e9n\u00e9ficiaire. \u00c0 l\u2019aide d\u2019outils sophistiqu\u00e9s, tels que<span>\u00a0<\/span><strong>trichoscopes et microm\u00e8tres sp\u00e9ciaux<\/strong>, nous \u00e9tudions la densit\u00e9 et le nombre de cheveux par centim\u00e8tre carr\u00e9, ainsi que l&#039;\u00e9paisseur et le diam\u00e8tre des cheveux dans la zone donneuse. Ces mesures nous permettent de d\u00e9terminer avec pr\u00e9cision :\n<ul>\n\t<li>la qualit\u00e9 de la zone donneuse<\/li>\n\t<li>le potentiel de la zone donneuse<\/li>\n\t<li>la diminution des capacit\u00e9s du donneur \u00e0 chaque s\u00e9ance de transplantation sans l&#039;\u00e9puiser<\/li>\n\t<li>le nombre de greffons requis pour une couverture minimale de la zone receveuse<\/li>\n\t<li>le pourcentage de couverture de la zone o\u00f9 les greffons sont implant\u00e9s<\/li>\n<\/ul>[\/et_pb_text][\/et_pb_column][\/et_pb_row][et_pb_row column_structure=\u201d3_5,2_5\u2033 use_custom_gutter=\u201don\u201d gutter_width=\u201d2\u2033 module_class=\u201dright-content-left-media left-and-right\u201d _builder_version=\u201d4.27.4\u2033 _module_preset=\u201ddefault\u201d max_width=\u201d100%\u201d custom_css_main_element=\u201ddisplay: flex;||flex-wrap: wrap;\u201d locked=\u201doff\u201d global_colors_info=\u201d{}\u201d][et_pb_column type=\u201d3_5\u2033 module_class=\u201dcolum-2 light-gray-back\u201d _builder_version=\u201d4.27.4\u2033 _module_preset=\u201ddefault\u201d global_colors_info=\u201d{}\u201d custom_css_main_element_last_edited=\u201don|tablet\u201d custom_css_main_element_tablet=\u201dorder: 1; custom_css_main_element_phone=\u201dorder: 1;\u201d][et_pb_heading title=\u201dFormule reconnue par le World FUE Institute\u201d admin_label=\u201dTitre\u201d module_class=\u201dh2-inner-dark\u201d _builder_version=\u201d4.27.4\u2033 _module_preset=\u201ddefault\u201d title_level=\u201dh2\u2033 global_colors_info=\u201d{}\u201d][\/et_pb_heading][et_pb_text module_class=\u201dp-plain-inner-text-dark\u201d _builder_version=\u201d4.27.4\u2033 _module_preset=\u201df6d29cc3-e510-45f7-9617-710f4d1af2ac\u201d text_font=\u201d||||||||||\u201d text_text_color=\u201d#000000\u2033 header_font_size=\u201d40px\u201d header_2_text_color=\u201d#222222\u2033 header_2_line_height=\u201d1.3em\u201d header_3_text_color=\u201d#222222\u2033 custom_padding=\u201d0px|||||\u201d text_font_size_tablet=\u201d\u201d text_font_size_phone=\u201d\u201d text_font_size_last_edited=\u201don|phone\u201d header_font_size_tablet=\u201d40px\u201d header_font_size_phone=\u201d24px\u201d header_font_size_last_edited=\u201don|desktop\u201d header_2_font_size_tablet=\u201d\u201d header_2_font_size_phone=\u201d24px\u201d header_2_font_size_last_edited=\u201don|phone\u201d locked=\u201doff\u201d global_colors_info=\u201d{}\u201d]<p>Le<span>\u00a0<\/span><strong>Institut Mondial FUE<span>\u00a0<\/span><\/strong>(Global FUE Institute) a d\u00e9sormais adopt\u00e9 la formule de calcul de la valeur de couverture comme<span>\u00a0<\/span><strong>norme mondiale pour d\u00e9terminer les capacit\u00e9s des donateurs et la couverture des b\u00e9n\u00e9ficiaires<\/strong>.<\/p>\n<p>La valeur de couverture est calcul\u00e9e en multipliant le nombre de follicules pileux par centim\u00e8tre carr\u00e9 par le nombre de cheveux par follicule pileux et le diam\u00e8tre moyen des cheveux. Si la valeur est sup\u00e9rieure \u00e0 5,4, cela signifie que la greffe de cheveux peut \u00eatre<span>\u00a0<\/span><strong>offre un effet \u00e9paississant et couvrant tr\u00e8s satisfaisant<\/strong>.<\/p>[\/et_pb_text][\/et_pb_column][et_pb_column type=\u201d2_5\u2033 module_class=\u201dcolum-1\u2033 admin_label=\u201dColonne\u201d _builder_version=\u201d4.27.4\u2033 _module_preset=\u201ddefault\u201d background_enable_color=\u201doff\u201d custom_padding=\u201d3%|10%|true|true\u201d global_colors_info=\u201d{}\u201d custom_css_main_element_last_edited=\u201don|tablet\u201d custom_css_main_element_tablet=\u201dorder: 2;\u201d custom_css_main_element_phone=\u201dorder: 2;\u201d][et_pb_image src=\u201dhttps:\/\/regrow.gr\/wp-content\/uploads\/2022\/08\/Coverage-Value.jpg\u201d alt=\u201dLogiciel qui calcule la valeur de couverture\u201d title_text=\u201dCoverage-Value\u201d _builder_version=\u201d4.27.4\u2033 _module_preset=\u201ddefault\u201d global_colors_info=\u201d{}\u201d][\/et_pb_image][\/et_pb_column][\/et_pb_row][\/et_pb_section]","protected":false},"excerpt":{"rendered":"<p>FORMULAIRE DE MANIFESTATION D&#039;INT\u00c9R\u00caT | T\u00c9L. 21 1234 7131 Valeur de couverture\u00a0: Formule sophistiqu\u00e9e pour calculer le pourcentage de couverture des zones clairsem\u00e9es sans \u00e9puisement de la zone donneuse. Le r\u00e9sultat de couverture des zones clairsem\u00e9es d\u00e9pend de la densit\u00e9 et de l&#039;\u00e9paisseur des cheveux de la zone donneuse. L&#039;objectif est une couverture maximale de la zone receveuse tout en \u00e9vitant l&#039;\u00e9puisement de la zone donneuse, notamment dans les cas [\u2026]<\/p>","protected":false},"author":1,"featured_media":0,"parent":0,"menu_order":0,"comment_status":"closed","ping_status":"closed","template":"","meta":{"_et_pb_use_builder":"on","_et_pb_old_content":"","_et_gb_content_width":"","inline_featured_image":false,"footnotes":""},"class_list":["post-2784","page","type-page","status-publish","hentry"],"yoast_head":"<!-- This site is optimized with the Yoast SEO plugin v24.5 - https:\/\/yoast.com\/wordpress\/plugins\/seo\/ -->\n<title>\u03a4\u03b9\u03bc\u03ae \u039a\u03ac\u03bb\u03c5\u03c8\u03b7\u03c2 (Coverage Value): \u03a4\u03b9 \u03b5\u03af\u03bd\u03b1\u03b9, \u03c0\u03ce\u03c2 \u03c5\u03c0\u03bf\u03bb\u03bf\u03b3\u03af\u03b6\u03b5\u03c4\u03b1\u03b9 | \u0399\u03b1\u03c4\u03c1\u03b5\u03af\u03b1 THE ANTIAGERS Regrow<\/title>\n<meta name=\"description\" content=\"\u03a4\u03b9\u03bc\u03ae \u03ba\u03ac\u03bb\u03c5\u03c8\u03b7\u03c2 (Coverage value): \u0395\u03be\u03b5\u03bb\u03b9\u03b3\u03bc\u03ad\u03bd\u03b7 \u03c6\u03cc\u03c1\u03bc\u03bf\u03c5\u03bb\u03b1 \u03c0\u03bf\u03c5 \u03b4\u03b5\u03af\u03c7\u03bd\u03b5\u03b9 \u03c4\u03b9 \u03c0\u03bf\u03c3\u03bf\u03c3\u03c4\u03cc \u03ba\u03ac\u03bb\u03c5\u03c8\u03b7\u03c2 \u03b8\u03b1 \u03c0\u03b5\u03c4\u03cd\u03c7\u03bf\u03c5\u03bc\u03b5 \u03bc\u03b5 \u03c4\u03b7 \u03bc\u03b5\u03c4\u03b1\u03bc\u03cc\u03c3\u03c7\u03b5\u03c5\u03c3\u03b7 \u03bc\u03b1\u03bb\u03bb\u03b9\u03ce\u03bd \u03c3\u03c4\u03b9\u03c2 \u03b1\u03c1\u03b1\u03b9\u03c9\u03bc\u03ad\u03bd\u03b5\u03c2 \u03c0\u03b5\u03c1\u03b9\u03bf\u03c7\u03ad\u03c2\" \/>\n<meta name=\"robots\" content=\"index, follow, max-snippet:-1, max-image-preview:large, max-video-preview:-1\" \/>\n<link rel=\"canonical\" href=\"https:\/\/regrow.gr\/fr\/coverage-value\/\" \/>\n<meta property=\"og:locale\" content=\"fr_FR\" \/>\n<meta property=\"og:type\" content=\"article\" \/>\n<meta property=\"og:title\" content=\"\u03a4\u03b9\u03bc\u03ae \u039a\u03ac\u03bb\u03c5\u03c8\u03b7\u03c2 (Coverage Value): \u03a4\u03b9 \u03b5\u03af\u03bd\u03b1\u03b9, \u03c0\u03ce\u03c2 \u03c5\u03c0\u03bf\u03bb\u03bf\u03b3\u03af\u03b6\u03b5\u03c4\u03b1\u03b9 | \u0399\u03b1\u03c4\u03c1\u03b5\u03af\u03b1 THE ANTIAGERS Regrow\" \/>\n<meta property=\"og:description\" content=\"\u03a4\u03b9\u03bc\u03ae \u03ba\u03ac\u03bb\u03c5\u03c8\u03b7\u03c2 (Coverage value): \u0395\u03be\u03b5\u03bb\u03b9\u03b3\u03bc\u03ad\u03bd\u03b7 \u03c6\u03cc\u03c1\u03bc\u03bf\u03c5\u03bb\u03b1 \u03c0\u03bf\u03c5 \u03b4\u03b5\u03af\u03c7\u03bd\u03b5\u03b9 \u03c4\u03b9 \u03c0\u03bf\u03c3\u03bf\u03c3\u03c4\u03cc \u03ba\u03ac\u03bb\u03c5\u03c8\u03b7\u03c2 \u03b8\u03b1 \u03c0\u03b5\u03c4\u03cd\u03c7\u03bf\u03c5\u03bc\u03b5 \u03bc\u03b5 \u03c4\u03b7 \u03bc\u03b5\u03c4\u03b1\u03bc\u03cc\u03c3\u03c7\u03b5\u03c5\u03c3\u03b7 \u03bc\u03b1\u03bb\u03bb\u03b9\u03ce\u03bd \u03c3\u03c4\u03b9\u03c2 \u03b1\u03c1\u03b1\u03b9\u03c9\u03bc\u03ad\u03bd\u03b5\u03c2 \u03c0\u03b5\u03c1\u03b9\u03bf\u03c7\u03ad\u03c2\" \/>\n<meta property=\"og:url\" content=\"https:\/\/regrow.gr\/fr\/coverage-value\/\" \/>\n<meta property=\"og:site_name\" content=\"\u0399\u03b1\u03c4\u03c1\u03b5\u03af\u03b1 THE ANTIAGERS Regrow\" \/>\n<meta property=\"article:modified_time\" content=\"2025-09-09T11:35:16+00:00\" \/>\n<meta name=\"twitter:card\" content=\"summary_large_image\" \/>\n<meta name=\"twitter:label1\" content=\"Dur\u00e9e de lecture estim\u00e9e\" \/>\n\t<meta name=\"twitter:data1\" content=\"2 minutes\" \/>\n<script type=\"application\/ld+json\" class=\"yoast-schema-graph\">{\"@context\":\"https:\/\/schema.org\",\"@graph\":[{\"@type\":\"WebPage\",\"@id\":\"https:\/\/regrow.gr\/coverage-value\/\",\"url\":\"https:\/\/regrow.gr\/coverage-value\/\",\"name\":\"\u03a4\u03b9\u03bc\u03ae \u039a\u03ac\u03bb\u03c5\u03c8\u03b7\u03c2 (Coverage Value): \u03a4\u03b9 \u03b5\u03af\u03bd\u03b1\u03b9, \u03c0\u03ce\u03c2 \u03c5\u03c0\u03bf\u03bb\u03bf\u03b3\u03af\u03b6\u03b5\u03c4\u03b1\u03b9 | \u0399\u03b1\u03c4\u03c1\u03b5\u03af\u03b1 THE ANTIAGERS Regrow\",\"isPartOf\":{\"@id\":\"https:\/\/regrow.gr\/#website\"},\"datePublished\":\"2021-11-30T09:30:36+00:00\",\"dateModified\":\"2025-09-09T11:35:16+00:00\",\"description\":\"\u03a4\u03b9\u03bc\u03ae \u03ba\u03ac\u03bb\u03c5\u03c8\u03b7\u03c2 (Coverage value): \u0395\u03be\u03b5\u03bb\u03b9\u03b3\u03bc\u03ad\u03bd\u03b7 \u03c6\u03cc\u03c1\u03bc\u03bf\u03c5\u03bb\u03b1 \u03c0\u03bf\u03c5 \u03b4\u03b5\u03af\u03c7\u03bd\u03b5\u03b9 \u03c4\u03b9 \u03c0\u03bf\u03c3\u03bf\u03c3\u03c4\u03cc \u03ba\u03ac\u03bb\u03c5\u03c8\u03b7\u03c2 \u03b8\u03b1 \u03c0\u03b5\u03c4\u03cd\u03c7\u03bf\u03c5\u03bc\u03b5 \u03bc\u03b5 \u03c4\u03b7 \u03bc\u03b5\u03c4\u03b1\u03bc\u03cc\u03c3\u03c7\u03b5\u03c5\u03c3\u03b7 \u03bc\u03b1\u03bb\u03bb\u03b9\u03ce\u03bd \u03c3\u03c4\u03b9\u03c2 \u03b1\u03c1\u03b1\u03b9\u03c9\u03bc\u03ad\u03bd\u03b5\u03c2 \u03c0\u03b5\u03c1\u03b9\u03bf\u03c7\u03ad\u03c2\",\"breadcrumb\":{\"@id\":\"https:\/\/regrow.gr\/coverage-value\/#breadcrumb\"},\"inLanguage\":\"fr-FR\",\"potentialAction\":[{\"@type\":\"ReadAction\",\"target\":[\"https:\/\/regrow.gr\/coverage-value\/\"]}]},{\"@type\":\"BreadcrumbList\",\"@id\":\"https:\/\/regrow.gr\/coverage-value\/#breadcrumb\",\"itemListElement\":[{\"@type\":\"ListItem\",\"position\":1,\"name\":\"Home\",\"item\":\"https:\/\/regrow.gr\/\"},{\"@type\":\"ListItem\",\"position\":2,\"name\":\"Coverage Value\"}]},{\"@type\":\"WebSite\",\"@id\":\"https:\/\/regrow.gr\/#website\",\"url\":\"https:\/\/regrow.gr\/\",\"name\":\"ReGrow Clinic\",\"description\":\"\",\"potentialAction\":[{\"@type\":\"SearchAction\",\"target\":{\"@type\":\"EntryPoint\",\"urlTemplate\":\"https:\/\/regrow.gr\/?s={search_term_string}\"},\"query-input\":{\"@type\":\"PropertyValueSpecification\",\"valueRequired\":true,\"valueName\":\"search_term_string\"}}],\"inLanguage\":\"fr-FR\"}]}<\/script>\n<!-- \/ Yoast SEO plugin. -->","yoast_head_json":{"title":"Valeur de la couverture\u00a0: d\u00e9finition et calcul | Cliniques de repousse ANTI\u00c2GES","description":"Valeur de couverture\u00a0: Formule avanc\u00e9e indiquant le pourcentage de couverture que nous obtiendrons gr\u00e2ce \u00e0 la greffe de cheveux dans les zones clairsem\u00e9es.","robots":{"index":"index","follow":"follow","max-snippet":"max-snippet:-1","max-image-preview":"max-image-preview:large","max-video-preview":"max-video-preview:-1"},"canonical":"https:\/\/regrow.gr\/fr\/coverage-value\/","og_locale":"fr_FR","og_type":"article","og_title":"\u03a4\u03b9\u03bc\u03ae \u039a\u03ac\u03bb\u03c5\u03c8\u03b7\u03c2 (Coverage Value): \u03a4\u03b9 \u03b5\u03af\u03bd\u03b1\u03b9, \u03c0\u03ce\u03c2 \u03c5\u03c0\u03bf\u03bb\u03bf\u03b3\u03af\u03b6\u03b5\u03c4\u03b1\u03b9 | \u0399\u03b1\u03c4\u03c1\u03b5\u03af\u03b1 THE ANTIAGERS Regrow","og_description":"\u03a4\u03b9\u03bc\u03ae \u03ba\u03ac\u03bb\u03c5\u03c8\u03b7\u03c2 (Coverage value): \u0395\u03be\u03b5\u03bb\u03b9\u03b3\u03bc\u03ad\u03bd\u03b7 \u03c6\u03cc\u03c1\u03bc\u03bf\u03c5\u03bb\u03b1 \u03c0\u03bf\u03c5 \u03b4\u03b5\u03af\u03c7\u03bd\u03b5\u03b9 \u03c4\u03b9 \u03c0\u03bf\u03c3\u03bf\u03c3\u03c4\u03cc \u03ba\u03ac\u03bb\u03c5\u03c8\u03b7\u03c2 \u03b8\u03b1 \u03c0\u03b5\u03c4\u03cd\u03c7\u03bf\u03c5\u03bc\u03b5 \u03bc\u03b5 \u03c4\u03b7 \u03bc\u03b5\u03c4\u03b1\u03bc\u03cc\u03c3\u03c7\u03b5\u03c5\u03c3\u03b7 \u03bc\u03b1\u03bb\u03bb\u03b9\u03ce\u03bd \u03c3\u03c4\u03b9\u03c2 \u03b1\u03c1\u03b1\u03b9\u03c9\u03bc\u03ad\u03bd\u03b5\u03c2 \u03c0\u03b5\u03c1\u03b9\u03bf\u03c7\u03ad\u03c2","og_url":"https:\/\/regrow.gr\/fr\/coverage-value\/","og_site_name":"\u0399\u03b1\u03c4\u03c1\u03b5\u03af\u03b1 THE ANTIAGERS Regrow","article_modified_time":"2025-09-09T11:35:16+00:00","twitter_card":"summary_large_image","twitter_misc":{"Dur\u00e9e de lecture estim\u00e9e":"2 minutes"},"schema":{"@context":"https:\/\/schema.org","@graph":[{"@type":"WebPage","@id":"https:\/\/regrow.gr\/coverage-value\/","url":"https:\/\/regrow.gr\/coverage-value\/","name":"Valeur de la couverture\u00a0: d\u00e9finition et calcul | Cliniques de repousse ANTI\u00c2GES","isPartOf":{"@id":"https:\/\/regrow.gr\/#website"},"datePublished":"2021-11-30T09:30:36+00:00","dateModified":"2025-09-09T11:35:16+00:00","description":"Valeur de couverture\u00a0: Formule avanc\u00e9e indiquant le pourcentage de couverture que nous obtiendrons gr\u00e2ce \u00e0 la greffe de cheveux dans les zones clairsem\u00e9es.","breadcrumb":{"@id":"https:\/\/regrow.gr\/coverage-value\/#breadcrumb"},"inLanguage":"fr-FR","potentialAction":[{"@type":"ReadAction","target":["https:\/\/regrow.gr\/coverage-value\/"]}]},{"@type":"BreadcrumbList","@id":"https:\/\/regrow.gr\/coverage-value\/#breadcrumb","itemListElement":[{"@type":"ListItem","position":1,"name":"Home","item":"https:\/\/regrow.gr\/"},{"@type":"ListItem","position":2,"name":"Coverage Value"}]},{"@type":"WebSite","@id":"https:\/\/regrow.gr\/#website","url":"https:\/\/regrow.gr\/","name":"Clinique ReGrow","description":"","potentialAction":[{"@type":"SearchAction","target":{"@type":"EntryPoint","urlTemplate":"https:\/\/regrow.gr\/?s={search_term_string}"},"query-input":{"@type":"PropertyValueSpecification","valueRequired":true,"valueName":"search_term_string"}}],"inLanguage":"fr-FR"}]}},"_links":{"self":[{"href":"https:\/\/regrow.gr\/fr\/wp-json\/wp\/v2\/pages\/2784","targetHints":{"allow":["GET"]}}],"collection":[{"href":"https:\/\/regrow.gr\/fr\/wp-json\/wp\/v2\/pages"}],"about":[{"href":"https:\/\/regrow.gr\/fr\/wp-json\/wp\/v2\/types\/page"}],"author":[{"embeddable":true,"href":"https:\/\/regrow.gr\/fr\/wp-json\/wp\/v2\/users\/1"}],"replies":[{"embeddable":true,"href":"https:\/\/regrow.gr\/fr\/wp-json\/wp\/v2\/comments?post=2784"}],"version-history":[{"count":5,"href":"https:\/\/regrow.gr\/fr\/wp-json\/wp\/v2\/pages\/2784\/revisions"}],"predecessor-version":[{"id":12817,"href":"https:\/\/regrow.gr\/fr\/wp-json\/wp\/v2\/pages\/2784\/revisions\/12817"}],"wp:attachment":[{"href":"https:\/\/regrow.gr\/fr\/wp-json\/wp\/v2\/media?parent=2784"}],"curies":[{"name":"wp","href":"https:\/\/api.w.org\/{rel}","templated":true}]}}